{"id":74268,"date":"2026-03-07T20:00:33","date_gmt":"2026-03-07T20:00:33","guid":{"rendered":"https:\/\/passionvibes.pl\/?post_type=product&#038;p=74268"},"modified":"2026-03-07T20:48:54","modified_gmt":"2026-03-07T20:48:54","slug":"bluza-dziecieca","status":"publish","type":"product","link":"https:\/\/passionvibes.pl\/index.php\/product\/bluza-dziecieca\/","title":{"rendered":"Bluza dzieci\u0119ca"},"content":{"rendered":"<p><span data-sheets-root=\"1\">Bluza Passion Vibes. Stylowa i wygodna bluza stworzona dla dziewczynek, kt\u00f3re kochaj\u0105 ruch i chc\u0105 pokaza\u0107 swoj\u0105 osobowo\u015b\u0107. Mi\u0119kki, przyjemny w dotyku materia\u0142 zapewnia komfort podczas trening\u00f3w, rozgrzewki czy codziennych aktywno\u015bci. Lu\u017aniejszy kr\u00f3j daje swobod\u0119 ruch\u00f3w, dzi\u0119ki czemu bluza \u015bwietnie sprawdzi si\u0119 zar\u00f3wno na sali treningowej, jak i poza ni\u0105.<\/span><\/p>\n<p>Najwi\u0119ksz\u0105 ozdob\u0105 bluzy jest napis na plecach \u2013 mo\u017cesz wybra\u0107 has\u0142o, kt\u00f3re najlepiej oddaje charakter m\u0142odej artystki:<br \/>\n\u2022 \u201eMovement is my language\u201d \u2013 dla tych, kt\u00f3rzy wyra\u017caj\u0105 siebie poprzez ruch.<br \/>\n\u2022 \u201eDon\u2019t follow the pattern, make your own\u201d \u2013 dla dziewczynek, kt\u00f3re lubi\u0105 i\u015b\u0107 w\u0142asn\u0105 drog\u0105.<\/p>\n<p>Minimalistyczny design i inspiruj\u0105cy przekaz sprawiaj\u0105, \u017ce bluza staje si\u0119 nie tylko elementem stroju, ale te\u017c motywacj\u0105 do dzia\u0142ania i tworzenia w\u0142asnej historii.<\/p>\n","protected":false},"excerpt":{"rendered":"<p>Bluza Passion Vibes. Stylowa i wygodna bluza stworzona dla dziewczynek, kt\u00f3re kochaj\u0105 ruch i chc\u0105 pokaza\u0107 swoj\u0105 osobowo\u015b\u0107. Mi\u0119kki, przyjemny w dotyku materia\u0142 zapewnia komfort podczas trening\u00f3w, rozgrzewki czy codziennych aktywno\u015bci. Lu\u017aniejszy kr\u00f3j daje swobod\u0119 ruch\u00f3w, dzi\u0119ki czemu bluza \u015bwietnie sprawdzi si\u0119 zar\u00f3wno na sali treningowej, jak i poza ni\u0105. Najwi\u0119ksz\u0105 ozdob\u0105 bluzy jest napis [&hellip;]<\/p>\n","protected":false},"featured_media":74277,"comment_status":"open","ping_status":"closed","template":"","meta":{"site-sidebar-layout":"default","site-content-layout":"","ast-site-content-layout":"default","site-content-style":"default","site-sidebar-style":"default","ast-global-header-display":"","ast-banner-title-visibility":"","ast-main-header-display":"","ast-hfb-above-header-display":"","ast-hfb-below-header-display":"","ast-hfb-mobile-header-display":"","site-post-title":"","ast-breadcrumbs-content":"","ast-featured-img":"","footer-sml-layout":"","ast-disable-related-posts":"","theme-transparent-header-meta":"default","adv-header-id-meta":"","stick-header-meta":"","header-above-stick-meta":"","header-main-stick-meta":"","header-below-stick-meta":"","astra-migrate-meta-layouts":"set","ast-page-background-enabled":"default","ast-page-background-meta":{"desktop":{"background-color":"var(--ast-global-color-4)","background-image":"","background-repeat":"repeat","background-position":"center center","background-size":"auto","background-attachment":"scroll","background-type":"","background-media":"","overlay-type":"","overlay-color":"","overlay-opacity":"","overlay-gradient":""},"tablet":{"background-color":"","background-image":"","background-repeat":"repeat","background-position":"center center","background-size":"auto","background-attachment":"scroll","background-type":"","background-media":"","overlay-type":"","overlay-color":"","overlay-opacity":"","overlay-gradient":""},"mobile":{"background-color":"","background-image":"","background-repeat":"repeat","background-position":"center center","background-size":"auto","background-attachment":"scroll","background-type":"","background-media":"","overlay-type":"","overlay-color":"","overlay-opacity":"","overlay-gradient":""}},"ast-content-background-meta":{"desktop":{"background-color":"var(--ast-global-color-5)","background-image":"","background-repeat":"repeat","background-position":"center center","background-size":"auto","background-attachment":"scroll","background-type":"","background-media":"","overlay-type":"","overlay-color":"","overlay-opacity":"","overlay-gradient":""},"tablet":{"background-color":"var(--ast-global-color-5)","background-image":"","background-repeat":"repeat","background-position":"center center","background-size":"auto","background-attachment":"scroll","background-type":"","background-media":"","overlay-type":"","overlay-color":"","overlay-opacity":"","overlay-gradient":""},"mobile":{"background-color":"var(--ast-global-color-5)","background-image":"","background-repeat":"repeat","background-position":"center center","background-size":"auto","background-attachment":"scroll","background-type":"","background-media":"","overlay-type":"","overlay-color":"","overlay-opacity":"","overlay-gradient":""}}},"product_brand":[],"product_cat":[40],"product_tag":[],"class_list":{"0":"post-74268","1":"product","2":"type-product","3":"status-publish","4":"has-post-thumbnail","6":"product_cat-stroje-dzieciece-pole-dance-aerial","7":"desktop-align-center","8":"tablet-align-left","9":"mobile-align-left","11":"first","12":"instock","13":"shipping-taxable","14":"purchasable","15":"product-type-variable"},"_links":{"self":[{"href":"https:\/\/passionvibes.pl\/index.php\/wp-json\/wp\/v2\/product\/74268","targetHints":{"allow":["GET"]}}],"collection":[{"href":"https:\/\/passionvibes.pl\/index.php\/wp-json\/wp\/v2\/product"}],"about":[{"href":"https:\/\/passionvibes.pl\/index.php\/wp-json\/wp\/v2\/types\/product"}],"replies":[{"embeddable":true,"href":"https:\/\/passionvibes.pl\/index.php\/wp-json\/wp\/v2\/comments?post=74268"}],"wp:featuredmedia":[{"embeddable":true,"href":"https:\/\/passionvibes.pl\/index.php\/wp-json\/wp\/v2\/media\/74277"}],"wp:attachment":[{"href":"https:\/\/passionvibes.pl\/index.php\/wp-json\/wp\/v2\/media?parent=74268"}],"wp:term":[{"taxonomy":"product_brand","embeddable":true,"href":"https:\/\/passionvibes.pl\/index.php\/wp-json\/wp\/v2\/product_brand?post=74268"},{"taxonomy":"product_cat","embeddable":true,"href":"https:\/\/passionvibes.pl\/index.php\/wp-json\/wp\/v2\/product_cat?post=74268"},{"taxonomy":"product_tag","embeddable":true,"href":"https:\/\/passionvibes.pl\/index.php\/wp-json\/wp\/v2\/product_tag?post=74268"}],"curies":[{"name":"wp","href":"https:\/\/api.w.org\/{rel}","templated":true}]}}