{"id":72360,"date":"2025-11-16T10:49:31","date_gmt":"2025-11-16T10:49:31","guid":{"rendered":"https:\/\/passionvibes.pl\/?post_type=product&#038;p=72360"},"modified":"2025-12-03T03:17:41","modified_gmt":"2025-12-03T03:17:41","slug":"bluza-1","status":"publish","type":"product","link":"https:\/\/passionvibes.pl\/index.php\/product\/bluza-1\/","title":{"rendered":"Bluza &#8222;Don&#8217;t follow the pattern&#8221;"},"content":{"rendered":"<p><span data-sheets-root=\"1\">Oversize\u2019owa bluza Passion Vibes.<br \/>\nWygodna, mi\u0119kka &#8211; stworzona z my\u015bl\u0105 o codziennym komforcie.<br \/>\nIdealna dla tych, kt\u00f3rzy \u017cyj\u0105 po swojemu i nie boj\u0105 si\u0119 pod\u0105\u017ca\u0107 w\u0142asn\u0105 drog\u0105.<br \/>\nSzeroko\u015b\u0107 pod pach\u0105: 60 cm, d\u0142ugo\u015b\u0107: 69 cm. Zalecamy pranie r\u0119czne w 30<em>\u00b0<\/em>C.<\/span><\/p>\n","protected":false},"excerpt":{"rendered":"<p><span data-sheets-root=\"1\">80% bawe\u0142na \/ 20% poliester z recyklingu | Gramatura: 320 g<\/span><\/p>\n","protected":false},"featured_media":72368,"comment_status":"open","ping_status":"closed","template":"","meta":{"site-sidebar-layout":"default","site-content-layout":"","ast-site-content-layout":"default","site-content-style":"default","site-sidebar-style":"default","ast-global-header-display":"","ast-banner-title-visibility":"","ast-main-header-display":"","ast-hfb-above-header-display":"","ast-hfb-below-header-display":"","ast-hfb-mobile-header-display":"","site-post-title":"","ast-breadcrumbs-content":"","ast-featured-img":"","footer-sml-layout":"","ast-disable-related-posts":"","theme-transparent-header-meta":"default","adv-header-id-meta":"","stick-header-meta":"","header-above-stick-meta":"","header-main-stick-meta":"","header-below-stick-meta":"","astra-migrate-meta-layouts":"set","ast-page-background-enabled":"default","ast-page-background-meta":{"desktop":{"background-color":"var(--ast-global-color-4)","background-image":"","background-repeat":"repeat","background-position":"center center","background-size":"auto","background-attachment":"scroll","background-type":"","background-media":"","overlay-type":"","overlay-color":"","overlay-opacity":"","overlay-gradient":""},"tablet":{"background-color":"","background-image":"","background-repeat":"repeat","background-position":"center center","background-size":"auto","background-attachment":"scroll","background-type":"","background-media":"","overlay-type":"","overlay-color":"","overlay-opacity":"","overlay-gradient":""},"mobile":{"background-color":"","background-image":"","background-repeat":"repeat","background-position":"center center","background-size":"auto","background-attachment":"scroll","background-type":"","background-media":"","overlay-type":"","overlay-color":"","overlay-opacity":"","overlay-gradient":""}},"ast-content-background-meta":{"desktop":{"background-color":"var(--ast-global-color-5)","background-image":"","background-repeat":"repeat","background-position":"center center","background-size":"auto","background-attachment":"scroll","background-type":"","background-media":"","overlay-type":"","overlay-color":"","overlay-opacity":"","overlay-gradient":""},"tablet":{"background-color":"var(--ast-global-color-5)","background-image":"","background-repeat":"repeat","background-position":"center center","background-size":"auto","background-attachment":"scroll","background-type":"","background-media":"","overlay-type":"","overlay-color":"","overlay-opacity":"","overlay-gradient":""},"mobile":{"background-color":"var(--ast-global-color-5)","background-image":"","background-repeat":"repeat","background-position":"center center","background-size":"auto","background-attachment":"scroll","background-type":"","background-media":"","overlay-type":"","overlay-color":"","overlay-opacity":"","overlay-gradient":""}}},"product_brand":[],"product_cat":[39],"product_tag":[],"class_list":{"0":"post-72360","1":"product","2":"type-product","3":"status-publish","4":"has-post-thumbnail","6":"product_cat-bluzy-t-shirty","7":"desktop-align-center","8":"tablet-align-left","9":"mobile-align-left","11":"first","12":"instock","13":"shipping-taxable","14":"purchasable","15":"product-type-simple"},"_links":{"self":[{"href":"https:\/\/passionvibes.pl\/index.php\/wp-json\/wp\/v2\/product\/72360","targetHints":{"allow":["GET"]}}],"collection":[{"href":"https:\/\/passionvibes.pl\/index.php\/wp-json\/wp\/v2\/product"}],"about":[{"href":"https:\/\/passionvibes.pl\/index.php\/wp-json\/wp\/v2\/types\/product"}],"replies":[{"embeddable":true,"href":"https:\/\/passionvibes.pl\/index.php\/wp-json\/wp\/v2\/comments?post=72360"}],"wp:featuredmedia":[{"embeddable":true,"href":"https:\/\/passionvibes.pl\/index.php\/wp-json\/wp\/v2\/media\/72368"}],"wp:attachment":[{"href":"https:\/\/passionvibes.pl\/index.php\/wp-json\/wp\/v2\/media?parent=72360"}],"wp:term":[{"taxonomy":"product_brand","embeddable":true,"href":"https:\/\/passionvibes.pl\/index.php\/wp-json\/wp\/v2\/product_brand?post=72360"},{"taxonomy":"product_cat","embeddable":true,"href":"https:\/\/passionvibes.pl\/index.php\/wp-json\/wp\/v2\/product_cat?post=72360"},{"taxonomy":"product_tag","embeddable":true,"href":"https:\/\/passionvibes.pl\/index.php\/wp-json\/wp\/v2\/product_tag?post=72360"}],"curies":[{"name":"wp","href":"https:\/\/api.w.org\/{rel}","templated":true}]}}