{"id":62586,"date":"2024-07-21T20:01:59","date_gmt":"2024-07-21T20:01:59","guid":{"rendered":"https:\/\/passionvibes.pl\/?post_type=product&#038;p=62586"},"modified":"2024-11-20T19:08:18","modified_gmt":"2024-11-20T19:08:18","slug":"top-giulia-2","status":"publish","type":"product","link":"https:\/\/passionvibes.pl\/index.php\/product\/top-giulia-2\/","title":{"rendered":"Top Giulia"},"content":{"rendered":"<p>Model z dodatkiem siatki, top na jedno rami\u0119 z odwi\u0105zywan\u0105 ozdobna kokardk\u0105. Top posiada wyjmowane wk\u0142adki. Pra\u0107 r\u0119cznie w letniej wodzie.<\/p>\n","protected":false},"excerpt":{"rendered":"<p>Materia\u0142y: lycra matowa i lycra brokat. Sprawd\u017a dost\u0119pne <a style=\"color: #48aaad;\" href=\"https:\/\/passionvibes.pl\/index.php\/materialy\/\">kolory<\/a> oraz <a style=\"color: #48aaad;\" href=\"https:\/\/passionvibes.pl\/index.php\/tabela-rozmiarow\/\">tabel\u0119 rozmiar\u00f3w<\/a>.<\/p>\n","protected":false},"featured_media":60084,"comment_status":"open","ping_status":"closed","template":"","meta":{"site-sidebar-layout":"default","site-content-layout":"default","ast-site-content-layout":"default","site-content-style":"default","site-sidebar-style":"default","ast-global-header-display":"","ast-banner-title-visibility":"","ast-main-header-display":"","ast-hfb-above-header-display":"","ast-hfb-below-header-display":"","ast-hfb-mobile-header-display":"","site-post-title":"","ast-breadcrumbs-content":"","ast-featured-img":"","footer-sml-layout":"","ast-disable-related-posts":"","theme-transparent-header-meta":"default","adv-header-id-meta":"","stick-header-meta":"","header-above-stick-meta":"","header-main-stick-meta":"","header-below-stick-meta":"","astra-migrate-meta-layouts":"set","ast-page-background-enabled":"default","ast-page-background-meta":{"desktop":{"background-color":"var(--ast-global-color-4)","background-image":"","background-repeat":"repeat","background-position":"center center","background-size":"auto","background-attachment":"scroll","background-type":"","background-media":"","overlay-type":"","overlay-color":"","overlay-opacity":"","overlay-gradient":""},"tablet":{"background-color":"","background-image":"","background-repeat":"repeat","background-position":"center center","background-size":"auto","background-attachment":"scroll","background-type":"","background-media":"","overlay-type":"","overlay-color":"","overlay-opacity":"","overlay-gradient":""},"mobile":{"background-color":"","background-image":"","background-repeat":"repeat","background-position":"center center","background-size":"auto","background-attachment":"scroll","background-type":"","background-media":"","overlay-type":"","overlay-color":"","overlay-opacity":"","overlay-gradient":""}},"ast-content-background-meta":{"desktop":{"background-color":"var(--ast-global-color-5)","background-image":"","background-repeat":"repeat","background-position":"center center","background-size":"auto","background-attachment":"scroll","background-type":"","background-media":"","overlay-type":"","overlay-color":"","overlay-opacity":"","overlay-gradient":""},"tablet":{"background-color":"var(--ast-global-color-5)","background-image":"","background-repeat":"repeat","background-position":"center center","background-size":"auto","background-attachment":"scroll","background-type":"","background-media":"","overlay-type":"","overlay-color":"","overlay-opacity":"","overlay-gradient":""},"mobile":{"background-color":"var(--ast-global-color-5)","background-image":"","background-repeat":"repeat","background-position":"center center","background-size":"auto","background-attachment":"scroll","background-type":"","background-media":"","overlay-type":"","overlay-color":"","overlay-opacity":"","overlay-gradient":""}}},"product_brand":[],"product_cat":[29],"product_tag":[],"class_list":{"0":"post-62586","1":"product","2":"type-product","3":"status-publish","4":"has-post-thumbnail","6":"product_cat-topy","7":"desktop-align-center","8":"tablet-align-left","9":"mobile-align-left","11":"first","12":"onbackorder","13":"shipping-taxable","14":"purchasable","15":"product-type-variable","16":"has-default-attributes"},"_links":{"self":[{"href":"https:\/\/passionvibes.pl\/index.php\/wp-json\/wp\/v2\/product\/62586","targetHints":{"allow":["GET"]}}],"collection":[{"href":"https:\/\/passionvibes.pl\/index.php\/wp-json\/wp\/v2\/product"}],"about":[{"href":"https:\/\/passionvibes.pl\/index.php\/wp-json\/wp\/v2\/types\/product"}],"replies":[{"embeddable":true,"href":"https:\/\/passionvibes.pl\/index.php\/wp-json\/wp\/v2\/comments?post=62586"}],"wp:featuredmedia":[{"embeddable":true,"href":"https:\/\/passionvibes.pl\/index.php\/wp-json\/wp\/v2\/media\/60084"}],"wp:attachment":[{"href":"https:\/\/passionvibes.pl\/index.php\/wp-json\/wp\/v2\/media?parent=62586"}],"wp:term":[{"taxonomy":"product_brand","embeddable":true,"href":"https:\/\/passionvibes.pl\/index.php\/wp-json\/wp\/v2\/product_brand?post=62586"},{"taxonomy":"product_cat","embeddable":true,"href":"https:\/\/passionvibes.pl\/index.php\/wp-json\/wp\/v2\/product_cat?post=62586"},{"taxonomy":"product_tag","embeddable":true,"href":"https:\/\/passionvibes.pl\/index.php\/wp-json\/wp\/v2\/product_tag?post=62586"}],"curies":[{"name":"wp","href":"https:\/\/api.w.org\/{rel}","templated":true}]}}