{"id":35381,"date":"2022-06-11T21:24:53","date_gmt":"2022-06-11T21:24:53","guid":{"rendered":"https:\/\/passionvibes.pl\/?page_id=35381"},"modified":"2024-11-11T07:23:42","modified_gmt":"2024-11-11T07:23:42","slug":"regulamin","status":"publish","type":"page","link":"https:\/\/passionvibes.pl\/index.php\/regulamin\/","title":{"rendered":"Regulamin"},"content":{"rendered":"\t\t<div data-elementor-type=\"wp-page\" data-elementor-id=\"35381\" class=\"elementor elementor-35381\">\n\t\t\t\t\t\t<section class=\"elementor-section elementor-top-section elementor-element elementor-element-7502175d elementor-section-boxed elementor-section-height-default elementor-section-height-default\" data-id=\"7502175d\" data-element_type=\"section\" data-e-type=\"section\">\n\t\t\t\t\t\t<div class=\"elementor-container elementor-column-gap-default\">\n\t\t\t\t\t<div class=\"elementor-column elementor-col-100 elementor-top-column elementor-element elementor-element-25ef8c67\" data-id=\"25ef8c67\" data-element_type=\"column\" data-e-type=\"column\">\n\t\t\t<div class=\"elementor-widget-wrap elementor-element-populated\">\n\t\t\t\t\t\t<div class=\"elementor-element elementor-element-6e0e95a6 elementor-widget elementor-widget-text-editor\" data-id=\"6e0e95a6\" data-element_type=\"widget\" data-e-type=\"widget\" data-widget_type=\"text-editor.default\">\n\t\t\t\t<div class=\"elementor-widget-container\">\n\t\t\t\t\t\t\t\t\t<p><\/p>\n<h2 class=\"wp-block-heading\">Informacje og\u00f3lne<\/h2>\n<p><\/p>\n<p><\/p>\n<p>Regulamin okre\u015bla zasady zakup\u00f3w w sklepie internetowym passionvibes.pl prowadzonym przez Barbar\u0119 Fico\u0144, ul. Jarc\u00f3w 13, 34-360 Mil\u00f3wka, NIP: 5532468901,&nbsp;<span style=\"background-color: var(--ast-global-color-5);\">wpisanego do Centralnej Ewidencji i Informacji o Dzia\u0142alno\u015bci Gospodarczej Rzeczypospolitej Polskiej&nbsp;<\/span><span style=\"font-style: inherit; font-weight: inherit; background-color: var(--ast-global-color-5); color: var(--ast-global-color-3);\">prowadzonej przez Ministra Rozwoju i Technologii.<\/span><\/p>\n<p><\/p>\n<p><\/p>\n<p>Regulamin Sklepu skierowany jest do wszystkich u\u017cytkownik\u00f3w Sklepu.<\/p>\n<p>Klient ma mo\u017cliwo\u015b\u0107 kontaktu ze Sklepem drog\u0105 elektroniczn\u0105: passionvibes20@gmail.com oraz drog\u0105 telefoniczn\u0105: +48 663 607 391.<\/p>\n<p><\/p>\n<p><\/p>\n<p>Towar oferowany w sklepie jest fabrycznie nowy, szyty na zam\u00f3wienie Klienta, wolny od wad prawnych, wyprodukowany w Polsce.<\/p>\n<p><\/p>\n<p><\/p>\n<h2 class=\"wp-block-heading\">Zam\u00f3wienia<\/h2>\n<p><\/p>\n<p><\/p>\n<p>Zam\u00f3wienia przyjmowane s\u0105 przez stron\u0119 www.passionvibes.pl.<br>Zam\u00f3wienie na projekty indywidualne mo\u017cna sk\u0142ada\u0107 bezpo\u015brednio pod adresem email: passionvibes20@gmail.com lub poprzez formularz kontaktowy w sklepie internetowym w zak\u0142adce: Kontakt.<\/p>\n<p><\/p>\n<p><\/p>\n<p>Sklep przyjmuje Zam\u00f3wienia sk\u0142adane on-line przez ca\u0142\u0105 dob\u0119, we wszystkie dni tygodnia.<\/p>\n<p><\/p>\n<p><\/p>\n<p>Klient mo\u017ce z\u0142o\u017cy\u0107 Zam\u00f3wienie bez konieczno\u015bci trwa\u0142ego rejestrowania swoich danych, tj. zakupy bez rejestracji.<\/p>\n<p><\/p>\n<p><\/p>\n<p>Warunkiem z\u0142o\u017cenia Zam\u00f3wienia jest wype\u0142nienie wszystkich dost\u0119pnych opcji wyboru danego produktu (kolor, rozmiar itp.) oraz podanie wszystkich wymaganych danych koniecznych do wysy\u0142ki.<\/p>\n<p><\/p>\n<p><\/p>\n<p><strong>Po z\u0142o\u017ceniu zam\u00f3wienia Klient otrzymuje wiadomo\u015bci e-mail potwierdzaj\u0105c\u0105 z\u0142o\u017cone przez Klienta zam\u00f3wienie. Otrzymanie wy\u017cej wymienionego potwierdzenia oznacza, \u017ce mi\u0119dzy Klientem a Sklepem zawarta zosta\u0142a umowa sprzeda\u017cy, w tym obowi\u0105zkiem zap\u0142aty przez Klienta okre\u015blonej w zam\u00f3wieniu ceny wraz z kosztami wysy\u0142ki lub ewentualnymi innymi wskazanymi kosztami.<\/strong><\/p>\n<p><\/p>\n<p><\/p>\n<p>W przypadku, gdy towar jest niedost\u0119pny i nie ma mo\u017cliwo\u015bci realizacji zam\u00f3wienia Klienta, Sklep ma prawo do odst\u0105pienia od realizacji umowy w terminie trzydziestu dni, licz\u0105c od daty jej zawarcia. Je\u017celi Klient dokona\u0142 zap\u0142aty za towar, Sklep zwr\u00f3ci Klientowi nale\u017cno\u015b\u0107 za towar w ci\u0105gu czternastu dni kalendarzowych od anulowania zam\u00f3wienia.<\/p>\n<p><\/p>\n<p><\/p>\n<p>W przypadku rezygnacji z zam\u00f3wienia, zwrot zap\u0142aty nast\u0105pi w terminie czternastu dni od dnia otrzymania rezygnacji Klienta.<\/p>\n<p><\/p>\n<p><\/p>\n<p>Ceny towar\u00f3w zamieszczone na stronie internetowej Sklepu podawane s\u0105 w z\u0142otych polskich i zawieraj\u0105 podatek VAT.<\/p>\n<p><\/p>\n<p><\/p>\n<p>Maksymalny czas oczekiwania na wp\u0142at\u0119 to 5 dni roboczych. Po tym czasie zam\u00f3wienie zostaje anulowane.<\/p>\n<p><\/p>\n<p><\/p>\n<p>Realizacja zam\u00f3wienia zaczyna si\u0119 po zaksi\u0119gowaniu p\u0142atno\u015bci na koncie.<\/p>\n<p><\/p>\n<p><\/p>\n<h2 class=\"wp-block-heading\">Dostawa zam\u00f3wie\u0144<\/h2>\n<p><\/p>\n<p><\/p>\n<p>Zam\u00f3wienia dostarczane s\u0105 za po\u015brednictwem Paczkomat\u00f3w InPost.<\/p>\n<p><\/p>\n<p><\/p>\n<p>Towar zostanie wys\u0142any do Klienta do 14 dni roboczych po zaksi\u0119gowaniu nale\u017cno\u015bci za zam\u00f3wienie.<\/p>\n<p><\/p>\n<p><\/p>\n<p>Wszystkie towary sprzedawane w sklepie internetowym s\u0105 towarami szytymi na zam\u00f3wienie Klienta. Termin wykonania produktu mo\u017ce ulec wyd\u0142u\u017ceniu o czym Klient zostanie poinformowany drog\u0105 mailow\u0105.<\/p>\n<p><\/p>\n<p><\/p>\n<p>Sklep nie ponosi odpowiedzialno\u015bci za niedostarczenie towaru lub op\u00f3\u017anienie w dostawie spowodowane b\u0142\u0119dnym lub niedok\u0142adnym adresem podanym przez Klienta, lub b\u0142\u0119dem wynikaj\u0105cym z pracy Firmy Kurierskiej.<\/p>\n<p><\/p>\n<p><\/p>\n<p>Koszty dostawy:&nbsp;<\/p>\n<p>&nbsp; &nbsp; Tradycyjna wysy\u0142ka: 19,99 z\u0142,&nbsp;<\/p>\n<p>&nbsp; &nbsp; Paczkomaty InPost &#8211; 16,99 z\u0142.&nbsp;<\/p>\n<p>Koszty dostawy podane s\u0105 r\u00f3wnie\u017c przy sk\u0142adaniu zam\u00f3wienia.<\/p>\n<p>Sklep do ka\u017cdego zakupu do\u0142\u0105cza paragon fiskalny.<\/p>\n<p><\/p>\n<p><\/p>\n<h2 class=\"wp-block-heading\">P\u0142atno\u015b\u0107<\/h2>\n<p><\/p>\n<p><\/p>\n<p>Klient mo\u017ce wybra\u0107 nast\u0119puj\u0105ce formy p\u0142atno\u015bci za zam\u00f3wione Towary:<br><\/p>\n<p><span style=\"background-color: var(--ast-global-color-5);\">&nbsp; &nbsp; a) p\u0142atno\u015b\u0107 BLIK,<\/span><\/p>\n<p><span style=\"background-color: var(--ast-global-color-5);\">&nbsp; &nbsp; b)&nbsp;<\/span><span style=\"background-color: var(--ast-global-color-5);\">przelew elektroniczny poprzez zewn\u0119trzny system p\u0142atno\u015bci imoje<\/span><span style=\"background-color: var(--ast-global-color-5); font-style: inherit; font-weight: inherit; color: var(--ast-global-color-3);\">,<\/span><\/p>\n<p><span style=\"background-color: var(--ast-global-color-5);\">&nbsp; &nbsp; c) imoje &#8211; p\u0142ac\u0119 p\u00f3\u017aniej,<\/span><\/p>\n<p><span style=\"background-color: var(--ast-global-color-5);\">&nbsp; &nbsp; d) karta p\u0142atnicza.<\/span><\/p>\n<p><span style=\"background-color: var(--ast-global-color-5);\">Powy\u017csze metody&nbsp;<\/span><span style=\"background-color: var(--ast-global-color-5);\">obs\u0142ugiwane s\u0105 przez firm\u0119 ING Bank&nbsp;<\/span><span style=\"background-color: var(--ast-global-color-5); color: var(--ast-global-color-3); font-style: inherit; font-weight: inherit;\">\u015al\u0105ski S.A. z siedzib\u0105 w Katowicach.<\/span><\/p>\n<p>Mo\u017cliwa jest r\u00f3wnie\u017c p\u0142atno\u015b\u0107 poprzez tradycyjny przelew na rachunek bankowy Sklepu:&nbsp;<span style=\"font-weight: 700; color: var(--ast-global-color-3); font-style: inherit; background-color: var(--ast-global-color-5);\">94 1050 1070 1000 0097 8157 9397<\/span><span style=\"color: var(--ast-global-color-3); font-style: inherit; background-color: var(--ast-global-color-5);\">.<\/span><span style=\"background-color: var(--ast-global-color-5);\"><br><\/span><\/p>\n<p><\/p>\n<p><\/p>\n<p>Zwrot \u015brodk\u00f3w odbywa si\u0119 na wskazane w formularzu zwrotu konto bankowe Kupuj\u0105cego.<\/p>\n<p><\/p>\n<p><\/p>\n<p>W tytule przelewu nale\u017cy wpisa\u0107 nr zam\u00f3wienia.<\/p>\n<p><\/p>\n<p><\/p>\n<h2 class=\"wp-block-heading\">Zwrot oraz wymiana towaru<\/h2>\n<p><\/p>\n<p><\/p>\n<p>Zgodnie z art. 27 ustawy z dnia 30 maja 2014 r. o prawach konsumenta, Konsumentowi przys\u0142uguje prawo odst\u0105pienia od umowy w terminie 14 dni od dnia wydania produktu bez podawania przyczyny.<\/p>\n<p>Powy\u017cszy zapis dotyczy r\u00f3wnie\u017c praw przedsi\u0119biorcy dokonuj\u0105cego zakup\u00f3w w celach zwi\u0105zanych z prowadzon\u0105 dzia\u0142alno\u015bci\u0105 jednak nieposiadaj\u0105cych dla kupuj\u0105cego charakteru zawodowego.<\/p>\n<p>Zwracany lub wymieniany towar powinien by\u0107 kompletny, w oryginalnym, nieuszkodzonym opakowaniu i nie mo\u017ce nosi\u0107 \u015blad\u00f3w u\u017cytkowania.<\/p>\n<p><\/p>\n<p><\/p>\n<p>Odst\u0105pienie od umowy wymaga wype\u0142nienia <a href=\"http:\/\/passionvibes.pl\/wp-content\/uploads\/2022\/06\/FormularzZwrotuTowaru.pdf\" data-type=\"URL\" data-id=\"http:\/\/passionvibes.pl\/wp-content\/uploads\/2022\/06\/FormularzZwrotuTowaru.pdf\"><strong>formularza <\/strong><\/a>i wys\u0142ania podpisanego formularza wraz ze zwracanym towarem na adres sklepu w terminie do 14 dni roboczych od otrzymania paczki.<\/p>\n<p><\/p>\n<p><\/p>\n<p>Je\u015bli Klient chce dokona\u0107 wymiany, musi dokona\u0107 zwrotu produktu, a nast\u0119pnie z\u0142o\u017cy\u0107 nowe zam\u00f3wienie w sklepie internetowym.<\/p>\n<p><\/p>\n<p><\/p>\n<p>Klient ponosi bezpo\u015brednie koszty zwrotu produktu do Sklepu. W przypadku, gdy zwrot zosta\u0142 dokonany z winy Sprzedaj\u0105cego, Sprzedaj\u0105cy zwr\u00f3ci koszt dostawy towaru r\u00f3wny kosztowi dostawy op\u0142aconemu w zam\u00f3wieniu.<\/p>\n<p><\/p>\n<p><\/p>\n<p>Sklep w terminie 14 dni kalendarzowych od dnia otrzymania zwracanego towaru, zwr\u00f3ci Klientowi dokonane przez niego p\u0142atno\u015bci.<\/p>\n<h2 style=\"font-style: normal;\"><span style=\"background-color: var(--ast-global-color-5);\">Gwarancja<\/span><\/h2><h2 style=\"font-style: normal;\"><span style=\"font-size: 16px; background-color: var(--ast-global-color-5); color: var(--ast-global-color-3); font-family: &quot;DM Sans&quot;, sans-serif;\">Produkty w sklepie Passion Vibes obj\u0119t\u0119 s\u0105 dwuletni\u0105 gwarancj\u0105.<\/span><\/h2>\n<p><\/p>\n<p><\/p>\n<h2 class=\"wp-block-heading\">Reklamacja<\/h2>\n<p><\/p>\n<p><\/p>\n<p>Je\u017celi rzecz sprzedana ma wad\u0119 Sprzedaj\u0105cy niezw\u0142ocznie i bez nadmiernych niedogodno\u015bci dla Klienta wymieni rzecz wadliw\u0105 na woln\u0105 od wad albo wad\u0119 usunie.<\/p>\n<p>Sprzedawca ponosi wobec Klienta odpowiedzialno\u015b\u0107 za niezgodno\u015b\u0107 Towaru lub us\u0142ugi z umow\u0105 na zasadach okre\u015blonych w przepisach:<\/p>\n<p>&nbsp; &nbsp; a) w przypadku gdy Klient jest Konsumentem, okre\u015blonych w szczeg\u00f3lno\u015bci w art. 43a i nast\u0119pnych Ustawy z dnia 30 maja 2014 r. o prawach konsumenta,<\/p>\n<p>&nbsp; &nbsp; &nbsp;b) w przypadku gdy Klient nie jest Konsumentem, ani osob\u0105 fizyczn\u0105 zawieraj\u0105c\u0105 umow\u0119 bezpo\u015brednio zwi\u0105zan\u0105 z jej dzia\u0142alno\u015bci\u0105 gospodarcz\u0105, gdy z tre\u015bci tej umowy wynika, \u017ce nie ma ona dla tej osoby charakteru zawodowego, okre\u015blonych w szczeg\u00f3lno\u015bci w art. 556 i nast\u0119pnych Kodeksu cywilnego.<\/p>\n<p><\/p>\n<p><\/p>\n<p>Klient zg\u0142aszaj\u0105c reklamacj\u0119 powinien przes\u0142a\u0107 na adres e-mail: passionvibes20@gmail.com w\u0142asnor\u0119cznie podpisane o\u015bwiadczenie reklamacyjne, dow\u00f3d zakupu produktu oraz dane do przelewu, a nast\u0119pnie przes\u0142a\u0107 zakupiony towar na poni\u017cszy adres: Barbara Fico\u0144, ul. Jarc\u00f3w 13, 34-360 Mil\u00f3wka.<\/p>\n<p><\/p>\n<p><\/p>\n<p>O\u015bwiadczenie reklamacyjne powinno zawiera\u0107: nazw\u0119, opis produktu, numer zam\u00f3wienia, dane reklamuj\u0105cego (imi\u0119 i nazwisko, telefon kontaktowy, e-mail oraz adres), wraz z dok\u0142adnym opisem wad reklamowanego towaru.<br>Sprzedaj\u0105cy w terminie 14 dni poinformuje kupuj\u0105cego o przyj\u0119ciu b\u0105d\u017a odmowie reklamacji i dalszych krokach.<\/p>\n<p><\/p>\n<p><\/p>\n<p>We wszelkich sprawach nieuregulowanych w niniejszym Regulaminie maj\u0105 zastosowanie przepisu prawa polskiego, w tym Kodeksu cywilnego oraz innych ustaw, a w odniesieniu do konsument\u00f3w r\u00f3wnie\u017c ustawa z dnia 30 maja 2014 r. o prawach konsumenta (Dz.U.2014.827).<\/p>\n<p><\/p>\n<p><\/p>\n<p>Administratorem danych osobowych Klient\u00f3w jest Sprzedawca.<\/p>\n<p><\/p>\n<p><\/p>\n<p>Klient dokonuj\u0105c zam\u00f3wienia w Sklepie wyra\u017ca zgod\u0119 na gromadzenie i przetwarzanie przez Sprzedawc\u0119 danych osobowych podanych w procesie sk\u0142adania zam\u00f3wienia, korzystania ze Sklepu, w rozumieniu ustawy z dnia 29 sierpnia 1997 r. o ochronie danych osobowych (Dz. U. 2002 Nr 101 poz. 926) w celu \u015bwiadczenia us\u0142ug drog\u0105 elektroniczn\u0105, korzystania ze Sklepu, realizacji i rozliczenia zam\u00f3wienia, rozpatrzenia reklamacji.<\/p>\n<p><\/p>\n<p><\/p>\n<p>Indywidualne ustawienia komputera lub innego podobnego urz\u0105dzenia mog\u0105 powodowa\u0107 r\u00f3\u017cnice pomi\u0119dzy wygl\u0105dem towaru na komputerze\/urz\u0105dzeniu kupuj\u0105cego, a rzeczywistym wygl\u0105dem towaru.<\/p>\n<p><\/p>\n<p><\/p>\n<p>Wszystkie zdj\u0119cia zawarte na stronie www.passionvibes.pl s\u0105 chronione prawem autorskim. Ich kopiowanie wymaga uzyskania pisemnej zgody od Passion Vibes.<\/p>\n<p><\/p>\n<p><\/p>\n<p><\/p>\t\t\t\t\t\t\t\t<\/div>\n\t\t\t\t<\/div>\n\t\t\t\t\t<\/div>\n\t\t<\/div>\n\t\t\t\t\t<\/div>\n\t\t<\/section>\n\t\t\t\t<\/div>\n\t\t","protected":false},"excerpt":{"rendered":"<p>Informacje og\u00f3lne Regulamin okre\u015bla zasady zakup\u00f3w w sklepie internetowym passionvibes.pl prowadzonym przez Barbar\u0119 Fico\u0144, ul. Jarc\u00f3w 13, 34-360 Mil\u00f3wka, NIP: 5532468901,&nbsp;wpisanego do Centralnej Ewidencji i Informacji o Dzia\u0142alno\u015bci Gospodarczej Rzeczypospolitej Polskiej&nbsp;prowadzonej przez Ministra Rozwoju i Technologii. Regulamin Sklepu skierowany jest do wszystkich u\u017cytkownik\u00f3w Sklepu. Klient ma mo\u017cliwo\u015b\u0107 kontaktu ze Sklepem drog\u0105 elektroniczn\u0105: passionvibes20@gmail.com oraz drog\u0105 [&hellip;]<\/p>\n","protected":false},"author":1,"featured_media":0,"parent":0,"menu_order":0,"comment_status":"closed","ping_status":"closed","template":"","meta":{"site-sidebar-layout":"default","site-content-layout":"","ast-site-content-layout":"default","site-content-style":"default","site-sidebar-style":"default","ast-global-header-display":"","ast-banner-title-visibility":"","ast-main-header-display":"","ast-hfb-above-header-display":"","ast-hfb-below-header-display":"","ast-hfb-mobile-header-display":"","site-post-title":"","ast-breadcrumbs-content":"","ast-featured-img":"","footer-sml-layout":"","ast-disable-related-posts":"","theme-transparent-header-meta":"","adv-header-id-meta":"","stick-header-meta":"","header-above-stick-meta":"","header-main-stick-meta":"","header-below-stick-meta":"","astra-migrate-meta-layouts":"set","ast-page-background-enabled":"default","ast-page-background-meta":{"desktop":{"background-color":"var(--ast-global-color-4)","background-image":"","background-repeat":"repeat","background-position":"center center","background-size":"auto","background-attachment":"scroll","background-type":"","background-media":"","overlay-type":"","overlay-color":"","overlay-opacity":"","overlay-gradient":""},"tablet":{"background-color":"","background-image":"","background-repeat":"repeat","background-position":"center center","background-size":"auto","background-attachment":"scroll","background-type":"","background-media":"","overlay-type":"","overlay-color":"","overlay-opacity":"","overlay-gradient":""},"mobile":{"background-color":"","background-image":"","background-repeat":"repeat","background-position":"center center","background-size":"auto","background-attachment":"scroll","background-type":"","background-media":"","overlay-type":"","overlay-color":"","overlay-opacity":"","overlay-gradient":""}},"ast-content-background-meta":{"desktop":{"background-color":"var(--ast-global-color-5)","background-image":"","background-repeat":"repeat","background-position":"center center","background-size":"auto","background-attachment":"scroll","background-type":"","background-media":"","overlay-type":"","overlay-color":"","overlay-opacity":"","overlay-gradient":""},"tablet":{"background-color":"var(--ast-global-color-5)","background-image":"","background-repeat":"repeat","background-position":"center center","background-size":"auto","background-attachment":"scroll","background-type":"","background-media":"","overlay-type":"","overlay-color":"","overlay-opacity":"","overlay-gradient":""},"mobile":{"background-color":"var(--ast-global-color-5)","background-image":"","background-repeat":"repeat","background-position":"center center","background-size":"auto","background-attachment":"scroll","background-type":"","background-media":"","overlay-type":"","overlay-color":"","overlay-opacity":"","overlay-gradient":""}},"footnotes":""},"class_list":["post-35381","page","type-page","status-publish","hentry"],"_links":{"self":[{"href":"https:\/\/passionvibes.pl\/index.php\/wp-json\/wp\/v2\/pages\/35381","targetHints":{"allow":["GET"]}}],"collection":[{"href":"https:\/\/passionvibes.pl\/index.php\/wp-json\/wp\/v2\/pages"}],"about":[{"href":"https:\/\/passionvibes.pl\/index.php\/wp-json\/wp\/v2\/types\/page"}],"author":[{"embeddable":true,"href":"https:\/\/passionvibes.pl\/index.php\/wp-json\/wp\/v2\/users\/1"}],"replies":[{"embeddable":true,"href":"https:\/\/passionvibes.pl\/index.php\/wp-json\/wp\/v2\/comments?post=35381"}],"version-history":[{"count":52,"href":"https:\/\/passionvibes.pl\/index.php\/wp-json\/wp\/v2\/pages\/35381\/revisions"}],"predecessor-version":[{"id":70129,"href":"https:\/\/passionvibes.pl\/index.php\/wp-json\/wp\/v2\/pages\/35381\/revisions\/70129"}],"wp:attachment":[{"href":"https:\/\/passionvibes.pl\/index.php\/wp-json\/wp\/v2\/media?parent=35381"}],"curies":[{"name":"wp","href":"https:\/\/api.w.org\/{rel}","templated":true}]}}